{"id":17,"date":"2022-12-29T15:47:31","date_gmt":"2022-12-29T15:47:31","guid":{"rendered":"https:\/\/szolnokszivem.hu\/?page_id=17"},"modified":"2024-09-30T13:34:09","modified_gmt":"2024-09-30T13:34:09","slug":"home","status":"publish","type":"page","link":"https:\/\/szolnokszivem.hu\/","title":{"rendered":"Home"},"content":{"rendered":"<p>[et_pb_section fb_built=&#8221;1&#8243; _builder_version=&#8221;4.19.4&#8243; _module_preset=&#8221;default&#8221; global_colors_info=&#8221;{}&#8221;][et_pb_row column_structure=&#8221;2_5,3_5&#8243; _builder_version=&#8221;4.19.4&#8243; _module_preset=&#8221;default&#8221; width=&#8221;100%&#8221; max_width=&#8221;1176px&#8221; custom_margin_tablet=&#8221;&#8221; custom_margin_phone=&#8221;|||18px|false|false&#8221; custom_margin_last_edited=&#8221;on|phone&#8221; global_colors_info=&#8221;{}&#8221;][et_pb_column type=&#8221;2_5&#8243; _builder_version=&#8221;4.19.4&#8243; _module_preset=&#8221;default&#8221; global_colors_info=&#8221;{}&#8221;][et_pb_text _builder_version=&#8221;4.19.4&#8243; _module_preset=&#8221;default&#8221; text_font=&#8221;saira-bold||||||||&#8221; header_font=&#8221;saira-bold||||||||&#8221; header_text_color=&#8221;#00264b&#8221; header_font_size=&#8221;30pt&#8221; global_colors_info=&#8221;{}&#8221;]<\/p>\n<h1><strong>\u00dcdv\u00f6z\u00f6lj\u00fck!<\/strong><\/h1>\n<p>[\/et_pb_text][\/et_pb_column][et_pb_column type=&#8221;3_5&#8243; _builder_version=&#8221;4.19.4&#8243; _module_preset=&#8221;default&#8221; global_colors_info=&#8221;{}&#8221;][\/et_pb_column][\/et_pb_row][et_pb_row column_structure=&#8221;1_5,3_5,1_5&#8243; use_custom_gutter=&#8221;on&#8221; gutter_width=&#8221;1&#8243; _builder_version=&#8221;4.19.4&#8243; _module_preset=&#8221;default&#8221; width=&#8221;100%&#8221; max_width=&#8221;1580px&#8221; module_alignment=&#8221;center&#8221; custom_margin=&#8221;-9px|0px||0px|false|false&#8221; custom_padding=&#8221;0px||||false|false&#8221; global_colors_info=&#8221;{}&#8221;][et_pb_column type=&#8221;1_5&#8243; _builder_version=&#8221;4.19.4&#8243; _module_preset=&#8221;default&#8221; global_colors_info=&#8221;{}&#8221;][\/et_pb_column][et_pb_column type=&#8221;3_5&#8243; _builder_version=&#8221;4.19.4&#8243; _module_preset=&#8221;default&#8221; global_colors_info=&#8221;{}&#8221;][et_pb_text _builder_version=&#8221;4.19.4&#8243; _module_preset=&#8221;default&#8221; text_font=&#8221;saira||||||||&#8221; text_text_color=&#8221;#00264b&#8221; text_font_size=&#8221;16pt&#8221; header_6_font=&#8221;saira||||||||&#8221; header_6_text_color=&#8221;#00264b&#8221; header_6_font_size=&#8221;18pt&#8221; header_6_line_height=&#8221;1.4em&#8221; custom_margin=&#8221;0px|||0px|false|false&#8221; custom_margin_tablet=&#8221;0px|||0px|false|false&#8221; custom_margin_phone=&#8221;|20px||20px|false|false&#8221; custom_margin_last_edited=&#8221;on|phone&#8221; custom_padding=&#8221;|||0px|false|false&#8221; global_colors_info=&#8221;{}&#8221;]<\/p>\n<div class=\"gmail_default\" style=\"text-align: justify;\">\n<h6>SZOLNOK INTELLIGENS V\u00c1ROSI ENERGIA MODELL<\/h6>\n<p>Energiahat\u00e9konys\u00e1g \u00e9s innov\u00e1ci\u00f3<\/p>\n<p>&nbsp;<\/p>\n<p>Mi az a SZIVEM?<\/p>\n<p>A Szolnok Intelligens V\u00e1rosi Energia Modell, r\u00f6viden SZIVEM, egy innovat\u00edv energetikai rendszer, ami k\u00e9pes az \u00d6nkorm\u00e1nyzati h\u00e1l\u00f3zatra kapcsol\u00f3d\u00f3 fogyaszt\u00f3k \u00e9s termel\u0151k, valamint a h\u00e1l\u00f3zat ig\u00e9nyeinek egyidej\u0171 kiel\u00e9g\u00edt\u00e9s\u00e9re, \u00e9s energiaeloszt\u00e1si \u00e9s felhaszn\u00e1l\u00e1si folyamatok optimaliz\u00e1l\u00e1s\u00e1ra.<\/p>\n<p>Hogyan m\u0171k\u00f6dik a SZIVEM?<\/p>\n<p>A rendszer fejlett adatelemz\u00e9si megold\u00e1sokat alkalmaz, \u00edgy a seg\u00edts\u00e9g\u00e9vel lehet\u0151s\u00e9g ny\u00edlt m\u0171szakilag, gazdas\u00e1gilag, k\u00f6rnyezetv\u00e9delmileg optimaliz\u00e1lt, energiahat\u00e9kony \u00f6nkorm\u00e1nyzati \u00e9p\u00fcletg\u00e9p\u00e9szeti rendszert kialak\u00edtani.<\/p>\n<p>Mit\u0151l innovat\u00edv a projekt?<\/p>\n<p>A projekt innovat\u00edv jellege r\u00e9szben az \u00f6nkorm\u00e1nyzati szf\u00e9r\u00e1ban m\u0171k\u00f6d\u0151 k\u00f6zint\u00e9zm\u00e9nyek energiamenedzsment rendszer\u00e9nek kidolgoz\u00e1s\u00e1ban, egy\u00fcttm\u0171k\u00f6d\u00e9s\u00e9ben \u00e9s bevezet\u00e9s\u00e9ben jelentkezik. Az energiak\u00f6z\u00f6ss\u00e9g r\u00e9szek\u00e9nt pilot jelleggel t\u00f6bb k\u00f6lts\u00e9gvet\u00e9si int\u00e9zm\u00e9nyi k\u00f6r integr\u00e1l\u00e1sra ker\u00fclt.<\/p>\n<\/div>\n<p>[\/et_pb_text][\/et_pb_column][et_pb_column type=&#8221;1_5&#8243; _builder_version=&#8221;4.19.4&#8243; _module_preset=&#8221;default&#8221; global_colors_info=&#8221;{}&#8221;][\/et_pb_column][\/et_pb_row][et_pb_row column_structure=&#8221;1_4,1_2,1_4&#8243; _builder_version=&#8221;4.19.4&#8243; _module_preset=&#8221;default&#8221; width=&#8221;100%&#8221; max_width=&#8221;1176px&#8221; custom_margin_tablet=&#8221;&#8221; custom_margin_phone=&#8221;|||18px|false|false&#8221; custom_margin_last_edited=&#8221;on|phone&#8221; custom_padding=&#8221;40px|||||&#8221; global_colors_info=&#8221;{}&#8221;][et_pb_column type=&#8221;1_4&#8243; _builder_version=&#8221;4.19.4&#8243; _module_preset=&#8221;default&#8221; global_colors_info=&#8221;{}&#8221;][et_pb_text _builder_version=&#8221;4.19.4&#8243; _module_preset=&#8221;default&#8221; text_font=&#8221;saira-bold||||||||&#8221; header_font=&#8221;saira-bold||||||||&#8221; header_text_color=&#8221;#00264b&#8221; header_font_size=&#8221;30pt&#8221; global_colors_info=&#8221;{}&#8221;]<\/p>\n<h1><strong>Friss h\u00edreink<\/strong><\/h1>\n<p>[\/et_pb_text][\/et_pb_column][et_pb_column type=&#8221;1_2&#8243; _builder_version=&#8221;4.19.4&#8243; _module_preset=&#8221;default&#8221; global_colors_info=&#8221;{}&#8221;][\/et_pb_column][et_pb_column type=&#8221;1_4&#8243; _builder_version=&#8221;4.19.4&#8243; _module_preset=&#8221;default&#8221; global_colors_info=&#8221;{}&#8221;][\/et_pb_column][\/et_pb_row][et_pb_row column_structure=&#8221;1_4,1_2,1_4&#8243; custom_padding_last_edited=&#8221;on|phone&#8221; _builder_version=&#8221;4.19.4&#8243; _module_preset=&#8221;default&#8221; width=&#8221;100%&#8221; max_width=&#8221;1176px&#8221; custom_padding=&#8221;22px||||false|false&#8221; custom_padding_tablet=&#8221;22px||||false|false&#8221; custom_padding_phone=&#8221;0px||||false|false&#8221; global_colors_info=&#8221;{}&#8221;][et_pb_column type=&#8221;1_4&#8243; _builder_version=&#8221;4.19.4&#8243; _module_preset=&#8221;default&#8221; global_colors_info=&#8221;{}&#8221;][\/et_pb_column][et_pb_column type=&#8221;1_2&#8243; _builder_version=&#8221;4.19.4&#8243; _module_preset=&#8221;default&#8221; global_colors_info=&#8221;{}&#8221;][et_pb_post_slider include_categories=&#8221;6&#8243; excerpt_length=&#8221;100&#8243; show_meta=&#8221;off&#8221; dot_nav_custom_color=&#8221;#FFFFFF&#8221; _builder_version=&#8221;4.19.4&#8243; _module_preset=&#8221;default&#8221; custom_button=&#8221;on&#8221; min_height_tablet=&#8221;&#8221; min_height_phone=&#8221;&#8221; min_height_last_edited=&#8221;on|desktop&#8221; auto=&#8221;on&#8221; global_colors_info=&#8221;{}&#8221;][\/et_pb_post_slider][\/et_pb_column][et_pb_column type=&#8221;1_4&#8243; _builder_version=&#8221;4.19.4&#8243; _module_preset=&#8221;default&#8221; global_colors_info=&#8221;{}&#8221;][\/et_pb_column][\/et_pb_row][\/et_pb_section]<\/p>\n","protected":false},"excerpt":{"rendered":"<p>\u00dcdv\u00f6z\u00f6lj\u00fck! SZOLNOK INTELLIGENS V\u00c1ROSI ENERGIA MODELL Energiahat\u00e9konys\u00e1g \u00e9s innov\u00e1ci\u00f3 &nbsp; Mi az a SZIVEM? A Szolnok Intelligens V\u00e1rosi Energia Modell, r\u00f6viden SZIVEM, egy innovat\u00edv energetikai rendszer, ami k\u00e9pes az \u00d6nkorm\u00e1nyzati h\u00e1l\u00f3zatra kapcsol\u00f3d\u00f3 fogyaszt\u00f3k \u00e9s termel\u0151k, valamint a h\u00e1l\u00f3zat ig\u00e9nyeinek egyidej\u0171 kiel\u00e9g\u00edt\u00e9s\u00e9re, \u00e9s energiaeloszt\u00e1si \u00e9s felhaszn\u00e1l\u00e1si folyamatok optimaliz\u00e1l\u00e1s\u00e1ra. Hogyan m\u0171k\u00f6dik a SZIVEM? A rendszer fejlett adatelemz\u00e9si [&hellip;]<\/p>\n","protected":false},"author":1,"featured_media":0,"parent":0,"menu_order":0,"comment_status":"closed","ping_status":"closed","template":"","meta":{"_et_pb_use_builder":"on","_et_pb_old_content":"","_et_gb_content_width":"","footnotes":""},"class_list":["post-17","page","type-page","status-publish","hentry"],"_links":{"self":[{"href":"https:\/\/szolnokszivem.hu\/index.php?rest_route=\/wp\/v2\/pages\/17","targetHints":{"allow":["GET"]}}],"collection":[{"href":"https:\/\/szolnokszivem.hu\/index.php?rest_route=\/wp\/v2\/pages"}],"about":[{"href":"https:\/\/szolnokszivem.hu\/index.php?rest_route=\/wp\/v2\/types\/page"}],"author":[{"embeddable":true,"href":"https:\/\/szolnokszivem.hu\/index.php?rest_route=\/wp\/v2\/users\/1"}],"replies":[{"embeddable":true,"href":"https:\/\/szolnokszivem.hu\/index.php?rest_route=%2Fwp%2Fv2%2Fcomments&post=17"}],"version-history":[{"count":19,"href":"https:\/\/szolnokszivem.hu\/index.php?rest_route=\/wp\/v2\/pages\/17\/revisions"}],"predecessor-version":[{"id":603,"href":"https:\/\/szolnokszivem.hu\/index.php?rest_route=\/wp\/v2\/pages\/17\/revisions\/603"}],"wp:attachment":[{"href":"https:\/\/szolnokszivem.hu\/index.php?rest_route=%2Fwp%2Fv2%2Fmedia&parent=17"}],"curies":[{"name":"wp","href":"https:\/\/api.w.org\/{rel}","templated":true}]}}