{"id":79,"date":"2022-12-30T13:34:52","date_gmt":"2022-12-30T13:34:52","guid":{"rendered":"https:\/\/szolnokszivem.hu\/?page_id=79"},"modified":"2023-01-13T07:52:54","modified_gmt":"2023-01-13T07:52:54","slug":"teszteld-tudasod","status":"publish","type":"page","link":"https:\/\/szolnokszivem.hu\/?page_id=79","title":{"rendered":"Teszteld tud\u00e1sod"},"content":{"rendered":"<p>[et_pb_section fb_built=&#8221;1&#8243; _builder_version=&#8221;4.19.4&#8243; _module_preset=&#8221;default&#8221; global_colors_info=&#8221;{}&#8221;][et_pb_row column_structure=&#8221;1_5,3_5,1_5&#8243; _builder_version=&#8221;4.19.4&#8243; _module_preset=&#8221;default&#8221; custom_padding=&#8221;||0px|||&#8221; global_colors_info=&#8221;{}&#8221;][et_pb_column type=&#8221;1_5&#8243; _builder_version=&#8221;4.19.4&#8243; _module_preset=&#8221;default&#8221; global_colors_info=&#8221;{}&#8221;][\/et_pb_column][et_pb_column type=&#8221;3_5&#8243; _builder_version=&#8221;4.19.4&#8243; _module_preset=&#8221;default&#8221; global_colors_info=&#8221;{}&#8221;][et_pb_text _builder_version=&#8221;4.19.4&#8243; _module_preset=&#8221;default&#8221; text_font=&#8221;saira||||||||&#8221; text_text_color=&#8221;#00264b&#8221; header_font=&#8221;saira-bold||||||||&#8221; header_text_color=&#8221;#00264b&#8221; header_font_size=&#8221;25px&#8221; header_line_height=&#8221;2em&#8221; header_2_font=&#8221;saira-bold||||||||&#8221; header_2_text_color=&#8221;#00264b&#8221; header_2_font_size=&#8221;18px&#8221; header_2_line_height=&#8221;1.2em&#8221; global_colors_info=&#8221;{}&#8221;]<\/p>\n<h1>Teszteld tud\u00e1sod<\/h1>\n<h2>Tesztelje tud\u00e1s\u00e1t k\u00e9rd\u0151\u00edvenkkel. A k\u00e9rd\u0151\u00edvek kit\u00f6lt\u0151i k\u00f6z\u00f6tt \u00e9rt\u00e9kes aj\u00e1nd\u00e9kokat sorsolunk ki.<\/h2>\n<p>Lorem ipsum dolor sit amet, consectetuer adipiscing elit, sed diam nonummy nibh euismod tincidunt ut laoreet dolore magna aliquam erat<\/p>\n<p>[\/et_pb_text][et_pb_text _builder_version=&#8221;4.19.4&#8243; _module_preset=&#8221;default&#8221; text_font=&#8221;saira||||||||&#8221; text_text_color=&#8221;#00264b&#8221; header_font=&#8221;saira-bold||||||||&#8221; header_text_color=&#8221;#00264b&#8221; header_font_size=&#8221;25px&#8221; header_line_height=&#8221;2em&#8221; header_2_font=&#8221;saira-bold||||||||&#8221; header_2_text_color=&#8221;#00264b&#8221; header_2_font_size=&#8221;18px&#8221; header_2_line_height=&#8221;1.2em&#8221; header_3_font=&#8221;saira-bold||||||||&#8221; header_3_text_color=&#8221;#00264b&#8221; header_3_line_height=&#8221;1.4em&#8221; global_colors_info=&#8221;{}&#8221;]<\/p>\n<table border=\"1\" style=\"border-collapse: collapse; width: 100%; height: 89px;\" height=\"31\">\n<tbody>\n<tr style=\"height: 49px;\">\n<td colspan=\"2\" style=\"width: 60%; height: 49px;\">\n<h3><a href=\"https:\/\/szolnokszivem.hu\/?page_id=155\">Teszt a tudatos<br \/>energiafelhaszn\u00e1l\u00e1sr\u00f3l<\/a><\/h3>\n<\/td>\n<td style=\"width: 40%; height: 89px;\" rowspan=\"2\"><img loading=\"lazy\" decoding=\"async\" src=\"https:\/\/szolnokszivem.hu\/wp-content\/uploads\/2023\/01\/energiatakarekossag-napja-300x181.jpg\" width=\"198\" height=\"119\" alt=\"\" class=\"wp-image-149 alignnone size-medium\" \/><\/td>\n<\/tr>\n<tr style=\"height: 27px;\">\n<td style=\"width: 30%; height: 40px; text-align: center;\">9 k\u00e9rd\u00e9s<\/td>\n<td style=\"border-left: 6px solid #00264b; width: 30%; height: 40px; text-align: center;\">2 perc<\/td>\n<\/tr>\n<\/tbody>\n<\/table>\n<p style=\"text-align: center;\">[\/et_pb_text][et_pb_divider color=&#8221;#00264b&#8221; divider_weight=&#8221;6px&#8221; _builder_version=&#8221;4.19.4&#8243; _module_preset=&#8221;default&#8221; global_colors_info=&#8221;{}&#8221;][\/et_pb_divider][et_pb_text _builder_version=&#8221;4.19.4&#8243; _module_preset=&#8221;default&#8221; text_font=&#8221;saira||||||||&#8221; text_text_color=&#8221;#00264b&#8221; header_font=&#8221;saira-bold||||||||&#8221; header_text_color=&#8221;#00264b&#8221; header_font_size=&#8221;25px&#8221; header_line_height=&#8221;2em&#8221; header_2_font=&#8221;saira-bold||||||||&#8221; header_2_text_color=&#8221;#00264b&#8221; header_2_font_size=&#8221;18px&#8221; header_2_line_height=&#8221;1.2em&#8221; header_3_font=&#8221;saira-bold||||||||&#8221; header_3_text_color=&#8221;#00264b&#8221; header_3_line_height=&#8221;1.3em&#8221; global_colors_info=&#8221;{}&#8221;]<\/p>\n<table border=\"1\" style=\"border-collapse: collapse; width: 100%; height: 89px;\" height=\"31\">\n<tbody>\n<tr style=\"height: 49px;\">\n<td colspan=\"2\" style=\"width: 60%; height: 49px;\">\n<h3><a href=\"https:\/\/szolnokszivem.hu\/?page_id=574\"><strong>Teszt a tudatos energiafelhaszn\u00e1l\u00e1sr\u00f3l<\/strong><\/a><\/h3>\n<\/td>\n<td style=\"width: 40%; height: 89px;\" rowspan=\"2\"><img loading=\"lazy\" decoding=\"async\" src=\"https:\/\/szolnokszivem.hu\/wp-content\/uploads\/2023\/01\/energiatakarekossag-napja-300x181.jpg\" width=\"198\" height=\"119\" alt=\"\" class=\"wp-image-149 alignnone size-medium\" \/><\/td>\n<\/tr>\n<tr style=\"height: 27px;\">\n<td style=\"width: 30%; height: 40px; text-align: center;\">9 k\u00e9rd\u00e9s<\/td>\n<td style=\"border-left: 6px solid #00264b; width: 30%; height: 40px; text-align: center;\">2 perc<\/td>\n<\/tr>\n<\/tbody>\n<\/table>\n<p style=\"text-align: center;\">[\/et_pb_text][et_pb_divider color=&#8221;#00264b&#8221; divider_weight=&#8221;6px&#8221; _builder_version=&#8221;4.19.4&#8243; _module_preset=&#8221;default&#8221; global_colors_info=&#8221;{}&#8221;][\/et_pb_divider][et_pb_text _builder_version=&#8221;4.19.4&#8243; _module_preset=&#8221;default&#8221; text_font=&#8221;saira||||||||&#8221; text_text_color=&#8221;#00264b&#8221; header_font=&#8221;saira-bold||||||||&#8221; header_text_color=&#8221;#00264b&#8221; header_font_size=&#8221;25px&#8221; header_line_height=&#8221;2em&#8221; header_2_font=&#8221;saira-bold||||||||&#8221; header_2_text_color=&#8221;#00264b&#8221; header_2_font_size=&#8221;18px&#8221; header_2_line_height=&#8221;1.2em&#8221; header_3_font=&#8221;saira-bold||||||||&#8221; header_3_text_color=&#8221;#00264b&#8221; header_3_line_height=&#8221;1.3em&#8221; hover_enabled=&#8221;0&#8243; global_colors_info=&#8221;{}&#8221; sticky_enabled=&#8221;0&#8243;]<\/p>\n<table border=\"1\" style=\"border-collapse: collapse; width: 100%; height: 89px;\" height=\"31\">\n<tbody>\n<tr style=\"height: 49px;\">\n<td colspan=\"2\" style=\"width: 60%; height: 49px;\">\n<h3><a href=\" https:\/\/szolnokszivem.hu\/?page_id=579\"><strong>Teszt a tudatos energiafelhaszn\u00e1l\u00e1sr\u00f3l<\/strong><\/a><\/h3>\n<\/td>\n<td style=\"width: 40%; height: 89px;\" rowspan=\"2\"><img loading=\"lazy\" decoding=\"async\" src=\"https:\/\/szolnokszivem.hu\/wp-content\/uploads\/2023\/01\/energiatakarekossag-napja-300x181.jpg\" width=\"198\" height=\"119\" alt=\"\" class=\"wp-image-149 alignnone size-medium\" \/><\/td>\n<\/tr>\n<tr style=\"height: 27px;\">\n<td style=\"width: 30%; height: 40px; text-align: center;\">9 k\u00e9rd\u00e9s<\/td>\n<td style=\"border-left: 6px solid #00264b; width: 30%; height: 40px; text-align: center;\">2 perc<\/td>\n<\/tr>\n<\/tbody>\n<\/table>\n<p style=\"text-align: center;\">[\/et_pb_text][\/et_pb_column][et_pb_column type=&#8221;1_5&#8243; _builder_version=&#8221;4.19.4&#8243; _module_preset=&#8221;default&#8221; global_colors_info=&#8221;{}&#8221;][\/et_pb_column][\/et_pb_row][et_pb_row column_structure=&#8221;1_5,3_5,1_5&#8243; _builder_version=&#8221;4.19.4&#8243; _module_preset=&#8221;default&#8221; custom_padding=&#8221;0px||0px|||&#8221; global_colors_info=&#8221;{}&#8221;][et_pb_column type=&#8221;1_5&#8243; _builder_version=&#8221;4.19.4&#8243; _module_preset=&#8221;default&#8221; global_colors_info=&#8221;{}&#8221;][\/et_pb_column][et_pb_column type=&#8221;3_5&#8243; _builder_version=&#8221;4.19.4&#8243; _module_preset=&#8221;default&#8221; global_colors_info=&#8221;{}&#8221;][et_pb_divider color=&#8221;#00264b&#8221; divider_weight=&#8221;6px&#8221; _builder_version=&#8221;4.19.4&#8243; _module_preset=&#8221;default&#8221; global_colors_info=&#8221;{}&#8221;][\/et_pb_divider][\/et_pb_column][et_pb_column type=&#8221;1_5&#8243; _builder_version=&#8221;4.19.4&#8243; _module_preset=&#8221;default&#8221; global_colors_info=&#8221;{}&#8221;][\/et_pb_column][\/et_pb_row][\/et_pb_section]<\/p>\n","protected":false},"excerpt":{"rendered":"<p>Teszteld tud\u00e1sod Tesztelje tud\u00e1s\u00e1t k\u00e9rd\u0151\u00edvenkkel. A k\u00e9rd\u0151\u00edvek kit\u00f6lt\u0151i k\u00f6z\u00f6tt \u00e9rt\u00e9kes aj\u00e1nd\u00e9kokat sorsolunk ki. Lorem ipsum dolor sit amet, consectetuer adipiscing elit, sed diam nonummy nibh euismod tincidunt ut laoreet dolore magna aliquam erat Teszt a tudatosenergiafelhaszn\u00e1l\u00e1sr\u00f3l 9 k\u00e9rd\u00e9s 2 perc Teszt a tudatos energiafelhaszn\u00e1l\u00e1sr\u00f3l 9 k\u00e9rd\u00e9s 2 perc Teszt a tudatos energiafelhaszn\u00e1l\u00e1sr\u00f3l 9 k\u00e9rd\u00e9s 2 [&hellip;]<\/p>\n","protected":false},"author":1,"featured_media":0,"parent":0,"menu_order":0,"comment_status":"closed","ping_status":"closed","template":"","meta":{"_et_pb_use_builder":"on","_et_pb_old_content":"<!-- wp:divi\/placeholder \/-->","_et_gb_content_width":"","footnotes":""},"class_list":["post-79","page","type-page","status-publish","hentry"],"_links":{"self":[{"href":"https:\/\/szolnokszivem.hu\/index.php?rest_route=\/wp\/v2\/pages\/79","targetHints":{"allow":["GET"]}}],"collection":[{"href":"https:\/\/szolnokszivem.hu\/index.php?rest_route=\/wp\/v2\/pages"}],"about":[{"href":"https:\/\/szolnokszivem.hu\/index.php?rest_route=\/wp\/v2\/types\/page"}],"author":[{"embeddable":true,"href":"https:\/\/szolnokszivem.hu\/index.php?rest_route=\/wp\/v2\/users\/1"}],"replies":[{"embeddable":true,"href":"https:\/\/szolnokszivem.hu\/index.php?rest_route=%2Fwp%2Fv2%2Fcomments&post=79"}],"version-history":[{"count":18,"href":"https:\/\/szolnokszivem.hu\/index.php?rest_route=\/wp\/v2\/pages\/79\/revisions"}],"predecessor-version":[{"id":583,"href":"https:\/\/szolnokszivem.hu\/index.php?rest_route=\/wp\/v2\/pages\/79\/revisions\/583"}],"wp:attachment":[{"href":"https:\/\/szolnokszivem.hu\/index.php?rest_route=%2Fwp%2Fv2%2Fmedia&parent=79"}],"curies":[{"name":"wp","href":"https:\/\/api.w.org\/{rel}","templated":true}]}}